{"id":25,"date":"2020-07-22T14:23:44","date_gmt":"2020-07-22T14:23:44","guid":{"rendered":"http:\/\/anbyn.com.ar\/spa\/?page_id=25"},"modified":"2020-07-22T21:03:46","modified_gmt":"2020-07-22T21:03:46","slug":"productos","status":"publish","type":"page","link":"http:\/\/anbyn.com.ar\/spa\/?page_id=25","title":{"rendered":"Productos"},"content":{"rendered":"<div class=\"row\">\n<div class=\"span12\">\n<div class=\"how-we-can-help-wrap\">\n<figure class=\"thumbnail alignnone clearfix\">\n<div class=\"row-fluid\">\n<div class=\"clear\"><\/div>\n<p style=\"margin: 11px\"><span style=\"font-size: 11pt; color:#000000\"><img decoding=\"async\" class=\"alignleft\" src=\"http:\/\/anbyn.com.ar\/spa\/wp-content\/uploads\/2020\/07\/foto002.jpg\"><\/span><\/p>\n<p style=\"margin: 11px\"><span style=\"font-size: 11pt; color:#000000\"><b>EN ACR\u00cdLICOS ANBYN S\u00d3LO TRABAJAMOS ACR\u00cdLICO DE PRIMERA CALIDAD. NO COMERCIALIZAMOS ACR\u00cdLICO RECUPERADO.<\/b><\/span><\/p>\n<p style=\"margin: 11px\"><span style=\"font-size: 11pt; color:#000000\">&nbsp;<\/span><\/p>\n<p style=\"margin: 11px\"><span style=\"font-size: 11pt; color:#000000\"><strong>Acr\u00edlico en Planchas, Barras y Tubos:<\/strong><br \/>\n<span style=\"font-size: 16px;\">En <strong>planchas<\/strong> de hasta 2 x 3 mts con protecci\u00f3n UV, espesor desde 1.5 mm hasta 120 mm. Cristal, blanco y colores.<br \/>\nEn <strong>barras<\/strong> desde 6 mm de di\u00e1metro hasta 100 mm. Largo: 1.20 mts. Cristal, blanco y colores.<br \/>\nEn <strong>tubos<\/strong> desde 6 mm de di\u00e1metro hasta 456 mm. Distintos espesores de pared. Cristal, blanco y colores.<\/span><strong>Policarbonato Alveolar:<\/strong><br \/>\nEspesores: 4, 6, 8 y 10 mm. Medidas: 2.10 x 5.80 mts. Cristal, Blanco y Color.<\/span><\/p>\n<p style=\"margin: 11px\"><span style=\"font-size: 11pt; color:#000000\">&nbsp;<\/span><\/p>\n<p style=\"margin: 11px\"><span style=\"font-size: 11pt; color:#000000\"><strong>Policarbonato Compacto:<\/strong><br \/>\nEspesores: 1, 2, 3, 4, 6 y 8 mm.<br \/>\nMedidas: 2 x 3 mts. Cristal.<\/span><\/p>\n<p style=\"margin: 11px\"><span style=\"font-size: 11pt; color:#000000\">&nbsp;<\/span><\/p>\n<p style=\"margin: 11px\"><span style=\"font-size: 11pt; color:#000000\"> <strong>PVC Espumado:<\/strong><br \/>\nEspesores: 1, 2, 3, 4, 6 y 10 mm.<br \/>\nMedidas: 1.22 x 2.44 mts. Blanco, Colores (s\u00f3lo en 3 mm.), Negro (3 y 6 mm.)<\/span><\/p>\n<p style=\"margin: 11px\"><span style=\"font-size: 11pt; color:#000000\">&nbsp;<\/span><\/p>\n<p style=\"margin: 11px\"><span style=\"font-size: 11pt; color:#000000\"><strong>Poliestireno de Alto Impacto:<\/strong><br \/>\nEspesores: 0.3, 0.5, 1, 1.5, 2, 2.5, 3 y 4 mm.<br \/>\nMedidas: 1 x 2 mts y 0.80 x 1.80 mts. Blanco, Negro y Opalino.<\/span><\/p>\n<p style=\"margin: 11px\"><span style=\"font-size: 11pt; color:#000000\">&nbsp;<\/span><\/p>\n<p style=\"margin: 11px\"><span style=\"font-size: 11pt; color:#000000\"><strong>PET:<\/strong><br \/>\nEspesores: 0.3, 0.5, 0.8, 1, 1.5 y 2 mm.<br \/>\nMedidas: 1 x 2 mts (0.3, 0.5 y 0.8 mm.)<br \/>\n1.00 x 2.44 mts (1, 1.5 y 2 mm.)<br \/>\n1.22 x 2.44 mts (1, 1.5 y 2 mm.). Cristal.<\/span><\/p>\n<p style=\"margin: 11px\"><span style=\"font-size: 11pt; color:#000000\">&nbsp;<\/span><\/p>\n<p style=\"margin: 11px\"><span style=\"font-size: 11pt; color:#000000\"><strong>Resina PAI para iluminaci\u00f3n.<\/strong><\/span><\/p>\n<p style=\"margin: 11px\"><span style=\"font-size: 11pt; color:#000000\">&nbsp;<\/span><\/p>\n<p style=\"margin: 11px\"><span style=\"font-size: 11pt; color:#000000\"><strong>Poliestierno Antirreflex:<\/strong><br \/>\nEs un material ideal para protecci\u00f3n de afiches, carteleras, cuadros. Viene en planchas de 1.22 x 2.44 mts. y en espesor de 1.25 mm.<\/span><\/p>\n<p style=\"margin: 11px\"><span style=\"font-size: 11pt; color:#000000\">&nbsp;<\/span><\/p>\n<p style=\"margin: 11px\" align=\"center\"><span style=\"font-size: 11pt; color:#000000\"><strong>CORTES SIN CARGO.<\/strong><\/span><\/p>\n<p style=\"margin: 11px\" align=\"center\"><span style=\"font-size: 11pt; color:#000000\"><strong>GRABADOS L\u00c1SER.<\/strong><\/span><\/p>\n<p style=\"margin: 11px\"><span style=\"font-size: 11pt; color:#000000\">&nbsp;<\/span><\/p>\n<p style=\"margin: 11px\"><span style=\"font-size: 11pt; color:#000000\">Protecci\u00f3n y cerramientos de balcones; protectores y accesorios para m\u00e1quinas industriales; mamparas, divisores; material para iluminaci\u00f3n; semiesferas &#8211; c\u00fapulas; decoraci\u00f3n en general; publicidad y promoci\u00f3n; porta folletos; exhibidores; material para carteler\u00eda; se\u00f1alizaci\u00f3n; escenograf\u00edas.<\/span><\/p>\n<p style=\"margin: 11px\"><span style=\"font-size: 11pt; color:#000000\">&nbsp;<\/span><\/p>\n<p style=\"margin: 11px\"><span style=\"font-size: 11pt; color:#000000\">&nbsp;<\/span><\/p>\n<\/div>\n<\/figure>\n<\/div>\n<\/div>\n<\/div>\n","protected":false},"excerpt":{"rendered":"<p>EN ACR\u00cdLICOS ANBYN S\u00d3LO TRABAJAMOS ACR\u00cdLICO DE PRIMERA CALIDAD. NO COMERCIALIZAMOS ACR\u00cdLICO RECUPERADO. &nbsp; Acr\u00edlico en Planchas, Barras y Tubos: En planchas de hasta 2 x 3 mts con protecci\u00f3n UV, espesor desde 1.5 mm hasta 120 mm. Cristal, blanco y colores. En barras desde 6 mm de di\u00e1metro hasta 100 mm. Largo: 1.20 mts. Cristal, blanco y colores. En&nbsp;<a href=\"http:\/\/anbyn.com.ar\/spa\/?page_id=25\" class=\"read-more\">Seguir leyendo<\/a><\/p>\n","protected":false},"author":2,"featured_media":0,"parent":0,"menu_order":0,"comment_status":"closed","ping_status":"closed","template":"page-fullwidth.php","meta":{"footnotes":""},"class_list":["post-25","page","type-page","status-publish","hentry"],"_links":{"self":[{"href":"http:\/\/anbyn.com.ar\/spa\/index.php?rest_route=\/wp\/v2\/pages\/25","targetHints":{"allow":["GET"]}}],"collection":[{"href":"http:\/\/anbyn.com.ar\/spa\/index.php?rest_route=\/wp\/v2\/pages"}],"about":[{"href":"http:\/\/anbyn.com.ar\/spa\/index.php?rest_route=\/wp\/v2\/types\/page"}],"author":[{"embeddable":true,"href":"http:\/\/anbyn.com.ar\/spa\/index.php?rest_route=\/wp\/v2\/users\/2"}],"replies":[{"embeddable":true,"href":"http:\/\/anbyn.com.ar\/spa\/index.php?rest_route=%2Fwp%2Fv2%2Fcomments&post=25"}],"version-history":[{"count":7,"href":"http:\/\/anbyn.com.ar\/spa\/index.php?rest_route=\/wp\/v2\/pages\/25\/revisions"}],"predecessor-version":[{"id":76,"href":"http:\/\/anbyn.com.ar\/spa\/index.php?rest_route=\/wp\/v2\/pages\/25\/revisions\/76"}],"wp:attachment":[{"href":"http:\/\/anbyn.com.ar\/spa\/index.php?rest_route=%2Fwp%2Fv2%2Fmedia&parent=25"}],"curies":[{"name":"wp","href":"https:\/\/api.w.org\/{rel}","templated":true}]}}