{"id":31,"date":"2020-07-22T14:27:08","date_gmt":"2020-07-22T14:27:08","guid":{"rendered":"http:\/\/anbyn.com.ar\/spa\/?page_id=31"},"modified":"2020-07-23T13:57:29","modified_gmt":"2020-07-23T13:57:29","slug":"contacto","status":"publish","type":"page","link":"http:\/\/anbyn.com.ar\/spa\/?page_id=31","title":{"rendered":"Contacto"},"content":{"rendered":"<div id=\"content\" class=\"row\">\n<div class=\"span12\" data-motopress-type=\"loop\" data-motopress-loop-file=\"loop\/loop-page.php\">\n<div id=\"post-14\" class=\"post-14 page type-page status-publish hentry page\">\n<div class=\"row\">\n<div class=\"span4\">\n<h2><span style=\"color:#000;\">Informaci\u00f3n de Contacto<\/span><\/h2>\n<p style=\"margin: 2px;\"><strong><span style=\"color:#000; font-size:11pt\">Acr\u00edlicos Anbyn de Comercial Anbyn srl<\/span><br \/>\n<\/strong><\/p>\n<p style=\"margin: 2px;\"><span style=\"color:#000;\">Av. Mosconi 2654<\/span><\/p>\n<p style=\"margin: 2px;\"><span style=\"color:#000;\">Ciudad Aut\u00f3noma de Buenos Aires &#8211; Argentina<\/span><\/p>\n<p style=\"margin: 2px;\"><span style=\"color:#000;\">Tel\u00e9fono: +54 (011) 4573-3123 (rotativas)<\/span><\/p>\n<p style=\"margin: 2px;\"><span style=\"color:#000;\">E-mail: info@acrilicosanbyn.com.ar<\/span><\/p>\n<\/div>\n<div class=\"span8\">\n<h2><span style=\"color:#000;\">Formulario de Contacto<\/span><\/h2>\n\n<div class=\"wpcf7 no-js\" id=\"wpcf7-f19-o1\" lang=\"es-ES\" dir=\"ltr\" data-wpcf7-id=\"19\">\n<div class=\"screen-reader-response\"><p role=\"status\" aria-live=\"polite\" aria-atomic=\"true\"><\/p> <ul><\/ul><\/div>\n<form action=\"\/spa\/index.php?rest_route=%2Fwp%2Fv2%2Fpages%2F31#wpcf7-f19-o1\" method=\"post\" class=\"wpcf7-form init\" aria-label=\"Formulario de contacto\" novalidate=\"novalidate\" data-status=\"init\">\n<fieldset class=\"hidden-fields-container\"><input type=\"hidden\" name=\"_wpcf7\" value=\"19\" \/><input type=\"hidden\" name=\"_wpcf7_version\" value=\"6.1.5\" \/><input type=\"hidden\" name=\"_wpcf7_locale\" value=\"es_ES\" \/><input type=\"hidden\" name=\"_wpcf7_unit_tag\" value=\"wpcf7-f19-o1\" \/><input type=\"hidden\" name=\"_wpcf7_container_post\" value=\"0\" \/><input type=\"hidden\" name=\"_wpcf7_posted_data_hash\" value=\"\" \/>\n<\/fieldset>\n<div class=\"row-fluid\">\n\t<p class=\"span4 field\"><span class=\"wpcf7-form-control-wrap your-name\"><span class=\"wpcf7-form-control-wrap\" data-name=\"your-name\"><input size=\"40\" maxlength=\"400\" class=\"wpcf7-form-control wpcf7-text wpcf7-validates-as-required\" aria-required=\"true\" aria-invalid=\"false\" placeholder=\"Nombre\" value=\"\" type=\"text\" name=\"your-name\" \/><\/span> <\/span>\n\t<\/p>\n\t<p class=\"span4 field\"><span class=\"wpcf7-form-control-wrap\" data-name=\"your-email\"><input size=\"40\" maxlength=\"400\" class=\"wpcf7-form-control wpcf7-email wpcf7-validates-as-required wpcf7-text wpcf7-validates-as-email\" aria-required=\"true\" aria-invalid=\"false\" placeholder=\"e-Mail\" value=\"\" type=\"email\" name=\"your-email\" \/><\/span>\n\t<\/p>\n\t<p class=\"span4 field\"><span class=\"wpcf7-form-control-wrap\" data-name=\"your-tel\"><input size=\"40\" maxlength=\"400\" class=\"wpcf7-form-control wpcf7-tel wpcf7-text wpcf7-validates-as-tel\" aria-invalid=\"false\" placeholder=\"Tel\u00e9fono\" value=\"\" type=\"tel\" name=\"your-tel\" \/><\/span>\n\t<\/p>\n<\/div>\n<p class=\"field\" ><span class=\"wpcf7-form-control-wrap\" data-name=\"your-message\"><textarea cols=\"40\" rows=\"10\" maxlength=\"2000\" class=\"wpcf7-form-control wpcf7-textarea\" aria-invalid=\"false\" placeholder=\"Mensaje\" name=\"your-message\"><\/textarea><\/span>\n<\/p>\n<p class=\"submit-wrap\"><input type=\"reset\" value=\"Limpiar\" class=\"btn btn-primary\" \/><input class=\"wpcf7-form-control wpcf7-submit has-spinner btn btn-primary\" type=\"submit\" value=\"Enviar\" \/>\n<\/p><div class=\"wpcf7-response-output\" aria-hidden=\"true\"><\/div>\n<\/form>\n<\/div>\n\n<\/div>\n<div class=\"span12\">\n<div class=\"google-map\">\n<iframe loading=\"lazy\" src=\"https:\/\/www.google.com\/maps\/embed?pb=!1m18!1m12!1m3!1d3284.7727726713115!2d-58.50144488489276!3d-34.584615680464395!2m3!1f0!2f0!3f0!3m2!1i1024!2i768!4f13.1!3m3!1m2!1s0x95bcb64f105f6b21%3A0xe9abf087e62e27a2!2sAv.%20Gral.%20Mosconi%202654%2C%20C1419%20EQS%2C%20Buenos%20Aires!5e0!3m2!1ses-419!2sar!4v1595512583004!5m2!1ses-419!2sar\" width=\"100%\" height=\"500\" frameborder=\"0\" style=\"border:0;\" allowfullscreen=\"\" aria-hidden=\"false\" tabindex=\"0\"><\/iframe><\/div>\n<\/div>\n<\/div>\n<\/div>\n<\/div>\n<\/div>\n","protected":false},"excerpt":{"rendered":"<p>Informaci\u00f3n de Contacto Acr\u00edlicos Anbyn de Comercial Anbyn srl Av. Mosconi 2654 Ciudad Aut\u00f3noma de Buenos Aires &#8211; Argentina Tel\u00e9fono: +54 (011) 4573-3123 (rotativas) E-mail: info@acrilicosanbyn.com.ar Formulario de Contacto<\/p>\n","protected":false},"author":2,"featured_media":0,"parent":0,"menu_order":0,"comment_status":"closed","ping_status":"closed","template":"page-fullwidth.php","meta":{"footnotes":""},"class_list":["post-31","page","type-page","status-publish","hentry"],"_links":{"self":[{"href":"http:\/\/anbyn.com.ar\/spa\/index.php?rest_route=\/wp\/v2\/pages\/31","targetHints":{"allow":["GET"]}}],"collection":[{"href":"http:\/\/anbyn.com.ar\/spa\/index.php?rest_route=\/wp\/v2\/pages"}],"about":[{"href":"http:\/\/anbyn.com.ar\/spa\/index.php?rest_route=\/wp\/v2\/types\/page"}],"author":[{"embeddable":true,"href":"http:\/\/anbyn.com.ar\/spa\/index.php?rest_route=\/wp\/v2\/users\/2"}],"replies":[{"embeddable":true,"href":"http:\/\/anbyn.com.ar\/spa\/index.php?rest_route=%2Fwp%2Fv2%2Fcomments&post=31"}],"version-history":[{"count":4,"href":"http:\/\/anbyn.com.ar\/spa\/index.php?rest_route=\/wp\/v2\/pages\/31\/revisions"}],"predecessor-version":[{"id":161,"href":"http:\/\/anbyn.com.ar\/spa\/index.php?rest_route=\/wp\/v2\/pages\/31\/revisions\/161"}],"wp:attachment":[{"href":"http:\/\/anbyn.com.ar\/spa\/index.php?rest_route=%2Fwp%2Fv2%2Fmedia&parent=31"}],"curies":[{"name":"wp","href":"https:\/\/api.w.org\/{rel}","templated":true}]}}